{"id":6,"date":"2017-07-03T21:23:15","date_gmt":"2017-07-03T19:23:15","guid":{"rendered":"http:\/\/themeforest.unitedthemes.com\/wpversions\/brooklyn\/xml\/demo29\/?page_id=6"},"modified":"2025-09-26T21:39:11","modified_gmt":"2025-09-26T19:39:11","slug":"home-fornitura-e-posa-marmi-e-mosaici-e-seminati","status":"publish","type":"page","link":"https:\/\/www.dallapozzamarmi.com\/IT\/","title":{"rendered":"Home"},"content":{"rendered":"\n<p>La nostra competenza in materia ci ha portato a lavorare in tutto il mondo, prevalentemente nel settore Luxury. Pi\u00f9 di 30 anni di esperienza ed un team giovane che sta al passo con i tempi. La nostra filosofia \u00e8 di usare posatori esperti e utilizzo di materiali di prima qualit\u00e0, per avere un risultato ottimale. Progettiamo, eseguiamo la lavorazione del marmo, lucidatura e trattamenti idrorepellenti. Non solo marmo! Produciamo mosaico artistico in smalto o marmo, e trattiamo i principali Brand di mosaico industriale. Nel nostro bouquet di competenze, anche il seminato alla Veneziana, la palladiana, l&#8217;acciotolato e i cubetti di porfido. Una divisione della nostra azienda si occupa di Marmo Alleggerito per la realizzazione di progetti speciali, quali: Yacht, Facciate ventilate, rivestimenti interni ecc.<\/p>\n","protected":false},"excerpt":{"rendered":"<p>La nostra competenza in materia ci ha portato a lavorare in tutto il mondo, prevalentemente nel settore Luxury. Pi\u00f9 di 30 anni di esperienza ed un team giovane che sta al passo con i tempi. La nostra filosofia \u00e8 di usare posatori esperti e utilizzo di materiali di prima qualit\u00e0, per avere un risultato ottimale. &hellip; <a href=\"https:\/\/www.dallapozzamarmi.com\/IT\/\" class=\"more-link\">Leggi tutto<span class=\"screen-reader-text\"> &#8220;Home&#8221;<\/span><\/a><\/p>\n","protected":false},"author":1,"featured_media":0,"parent":0,"menu_order":0,"comment_status":"closed","ping_status":"closed","template":"","meta":{"_exactmetrics_skip_tracking":false,"_exactmetrics_sitenote_active":false,"_exactmetrics_sitenote_note":"","_exactmetrics_sitenote_category":0,"footnotes":"","two_page_speed":[]},"yoast_head":"<!-- This site is optimized with the Yoast SEO plugin v23.5 - https:\/\/yoast.com\/wordpress\/plugins\/seo\/ -->\n<title>Dalla Pozza Marmi e Mosaici artistici, Fornitura e posa in tutto il mondo.<\/title>\n<meta name=\"description\" content=\"Fornitura e posa di marmi, mosaici artistici, seminato alla veneziana, acciotolati, pavimenti artistici in genere, marmo alleggerito, lucidatura e restauro\" \/>\n<meta name=\"robots\" content=\"index, follow, max-snippet:-1, max-image-preview:large, max-video-preview:-1\" \/>\n<link rel=\"canonical\" href=\"https:\/\/www.dallapozzamarmi.com\/IT\/\" \/>\n<meta name=\"twitter:card\" content=\"summary_large_image\" \/>\n<meta name=\"twitter:title\" content=\"Dalla Pozza Marmi e Mosaici artistici, Fornitura e posa in tutto il mondo.\" \/>\n<meta name=\"twitter:description\" content=\"Fornitura e posa di marmi, mosaici artistici, seminato alla veneziana, acciotolati, pavimenti artistici in genere, marmo alleggerito, lucidatura e restauro\" \/>\n<meta name=\"twitter:site\" content=\"@Dallapozzamarmi\" \/>\n<meta name=\"twitter:label1\" content=\"Tempo di lettura stimato\" \/>\n\t<meta name=\"twitter:data1\" content=\"1 minuto\" \/>\n<script type=\"application\/ld+json\" class=\"yoast-schema-graph\">{\"@context\":\"https:\/\/schema.org\",\"@graph\":[{\"@type\":\"WebPage\",\"@id\":\"https:\/\/www.dallapozzamarmi.com\/IT\/\",\"url\":\"https:\/\/www.dallapozzamarmi.com\/IT\/\",\"name\":\"Dalla Pozza Marmi e Mosaici artistici, Fornitura e posa in tutto il mondo.\",\"isPartOf\":{\"@id\":\"https:\/\/www.dallapozzamarmi.com\/IT\/#website\"},\"datePublished\":\"2017-07-03T19:23:15+00:00\",\"dateModified\":\"2025-09-26T19:39:11+00:00\",\"description\":\"Fornitura e posa di marmi, mosaici artistici, seminato alla veneziana, acciotolati, pavimenti artistici in genere, marmo alleggerito, lucidatura e restauro\",\"breadcrumb\":{\"@id\":\"https:\/\/www.dallapozzamarmi.com\/IT\/#breadcrumb\"},\"inLanguage\":\"it-IT\",\"potentialAction\":[{\"@type\":\"ReadAction\",\"target\":[\"https:\/\/www.dallapozzamarmi.com\/IT\/\"]}]},{\"@type\":\"BreadcrumbList\",\"@id\":\"https:\/\/www.dallapozzamarmi.com\/IT\/#breadcrumb\",\"itemListElement\":[{\"@type\":\"ListItem\",\"position\":1,\"name\":\"Home\",\"item\":\"https:\/\/www.dallapozzamarmi.com\/IT\/\"},{\"@type\":\"ListItem\",\"position\":2,\"name\":\"Home\"}]},{\"@type\":\"WebSite\",\"@id\":\"https:\/\/www.dallapozzamarmi.com\/IT\/#website\",\"url\":\"https:\/\/www.dallapozzamarmi.com\/IT\/\",\"name\":\"\",\"description\":\"Fornitura e posa Marmi e Mosaici\",\"publisher\":{\"@id\":\"https:\/\/www.dallapozzamarmi.com\/IT\/#\/schema\/person\/212757ff9c8b9616df740d5ee2b7c721\"},\"potentialAction\":[{\"@type\":\"SearchAction\",\"target\":{\"@type\":\"EntryPoint\",\"urlTemplate\":\"https:\/\/www.dallapozzamarmi.com\/IT\/?s={search_term_string}\"},\"query-input\":{\"@type\":\"PropertyValueSpecification\",\"valueRequired\":true,\"valueName\":\"search_term_string\"}}],\"inLanguage\":\"it-IT\"},{\"@type\":[\"Person\",\"Organization\"],\"@id\":\"https:\/\/www.dallapozzamarmi.com\/IT\/#\/schema\/person\/212757ff9c8b9616df740d5ee2b7c721\",\"name\":\"Andrea Luigi Dalla Pozza\",\"image\":{\"@type\":\"ImageObject\",\"inLanguage\":\"it-IT\",\"@id\":\"https:\/\/www.dallapozzamarmi.com\/IT\/#\/schema\/person\/image\/\",\"url\":\"https:\/\/www.dallapozzamarmi.com\/IT\/wp-content\/uploads\/2018\/03\/Logo-Quadrato.png\",\"contentUrl\":\"https:\/\/www.dallapozzamarmi.com\/IT\/wp-content\/uploads\/2018\/03\/Logo-Quadrato.png\",\"width\":1000,\"height\":1000,\"caption\":\"Andrea Luigi Dalla Pozza\"},\"logo\":{\"@id\":\"https:\/\/www.dallapozzamarmi.com\/IT\/#\/schema\/person\/image\/\"}}]}<\/script>\n<!-- \/ Yoast SEO plugin. -->","yoast_head_json":{"title":"Dalla Pozza Marmi e Mosaici artistici, Fornitura e posa in tutto il mondo.","description":"Fornitura e posa di marmi, mosaici artistici, seminato alla veneziana, acciotolati, pavimenti artistici in genere, marmo alleggerito, lucidatura e restauro","robots":{"index":"index","follow":"follow","max-snippet":"max-snippet:-1","max-image-preview":"max-image-preview:large","max-video-preview":"max-video-preview:-1"},"canonical":"https:\/\/www.dallapozzamarmi.com\/IT\/","twitter_card":"summary_large_image","twitter_title":"Dalla Pozza Marmi e Mosaici artistici, Fornitura e posa in tutto il mondo.","twitter_description":"Fornitura e posa di marmi, mosaici artistici, seminato alla veneziana, acciotolati, pavimenti artistici in genere, marmo alleggerito, lucidatura e restauro","twitter_site":"@Dallapozzamarmi","twitter_misc":{"Tempo di lettura stimato":"1 minuto"},"schema":{"@context":"https:\/\/schema.org","@graph":[{"@type":"WebPage","@id":"https:\/\/www.dallapozzamarmi.com\/IT\/","url":"https:\/\/www.dallapozzamarmi.com\/IT\/","name":"Dalla Pozza Marmi e Mosaici artistici, Fornitura e posa in tutto il mondo.","isPartOf":{"@id":"https:\/\/www.dallapozzamarmi.com\/IT\/#website"},"datePublished":"2017-07-03T19:23:15+00:00","dateModified":"2025-09-26T19:39:11+00:00","description":"Fornitura e posa di marmi, mosaici artistici, seminato alla veneziana, acciotolati, pavimenti artistici in genere, marmo alleggerito, lucidatura e restauro","breadcrumb":{"@id":"https:\/\/www.dallapozzamarmi.com\/IT\/#breadcrumb"},"inLanguage":"it-IT","potentialAction":[{"@type":"ReadAction","target":["https:\/\/www.dallapozzamarmi.com\/IT\/"]}]},{"@type":"BreadcrumbList","@id":"https:\/\/www.dallapozzamarmi.com\/IT\/#breadcrumb","itemListElement":[{"@type":"ListItem","position":1,"name":"Home","item":"https:\/\/www.dallapozzamarmi.com\/IT\/"},{"@type":"ListItem","position":2,"name":"Home"}]},{"@type":"WebSite","@id":"https:\/\/www.dallapozzamarmi.com\/IT\/#website","url":"https:\/\/www.dallapozzamarmi.com\/IT\/","name":"","description":"Fornitura e posa Marmi e Mosaici","publisher":{"@id":"https:\/\/www.dallapozzamarmi.com\/IT\/#\/schema\/person\/212757ff9c8b9616df740d5ee2b7c721"},"potentialAction":[{"@type":"SearchAction","target":{"@type":"EntryPoint","urlTemplate":"https:\/\/www.dallapozzamarmi.com\/IT\/?s={search_term_string}"},"query-input":{"@type":"PropertyValueSpecification","valueRequired":true,"valueName":"search_term_string"}}],"inLanguage":"it-IT"},{"@type":["Person","Organization"],"@id":"https:\/\/www.dallapozzamarmi.com\/IT\/#\/schema\/person\/212757ff9c8b9616df740d5ee2b7c721","name":"Andrea Luigi Dalla Pozza","image":{"@type":"ImageObject","inLanguage":"it-IT","@id":"https:\/\/www.dallapozzamarmi.com\/IT\/#\/schema\/person\/image\/","url":"https:\/\/www.dallapozzamarmi.com\/IT\/wp-content\/uploads\/2018\/03\/Logo-Quadrato.png","contentUrl":"https:\/\/www.dallapozzamarmi.com\/IT\/wp-content\/uploads\/2018\/03\/Logo-Quadrato.png","width":1000,"height":1000,"caption":"Andrea Luigi Dalla Pozza"},"logo":{"@id":"https:\/\/www.dallapozzamarmi.com\/IT\/#\/schema\/person\/image\/"}}]}},"_links":{"self":[{"href":"https:\/\/www.dallapozzamarmi.com\/IT\/wp-json\/wp\/v2\/pages\/6"}],"collection":[{"href":"https:\/\/www.dallapozzamarmi.com\/IT\/wp-json\/wp\/v2\/pages"}],"about":[{"href":"https:\/\/www.dallapozzamarmi.com\/IT\/wp-json\/wp\/v2\/types\/page"}],"author":[{"embeddable":true,"href":"https:\/\/www.dallapozzamarmi.com\/IT\/wp-json\/wp\/v2\/users\/1"}],"replies":[{"embeddable":true,"href":"https:\/\/www.dallapozzamarmi.com\/IT\/wp-json\/wp\/v2\/comments?post=6"}],"version-history":[{"count":0,"href":"https:\/\/www.dallapozzamarmi.com\/IT\/wp-json\/wp\/v2\/pages\/6\/revisions"}],"wp:attachment":[{"href":"https:\/\/www.dallapozzamarmi.com\/IT\/wp-json\/wp\/v2\/media?parent=6"}],"curies":[{"name":"wp","href":"https:\/\/api.w.org\/{rel}","templated":true}]}}